{"id":12864,"date":"2024-08-03T12:46:10","date_gmt":"2024-08-03T10:46:10","guid":{"rendered":"https:\/\/marrakechbudgettours.com\/tour\/marrakech-medina-walking-tour\/"},"modified":"2024-11-22T11:47:27","modified_gmt":"2024-11-22T10:47:27","slug":"visite-guidee-medina-marrakech","status":"publish","type":"product","link":"https:\/\/www.marrakechbudgettours.com\/fr\/tour\/visite-guidee-medina-marrakech\/","title":{"rendered":"VISITE GUID\u00c9E M\u00c9DINA MARRAKECH"},"content":{"rendered":"<p>Partez pour une <strong>visite guid\u00e9e de la m\u00e9dina de Marrakech<\/strong>, une exp\u00e9rience captivante qui, en une demi-journ\u00e9e, vous offrira des souvenirs inoubliables.<\/p>\n<p><strong>Explorez la M\u00e9dina<\/strong> : D\u00e9butez votre aventure au c\u0153ur de la vieille ville de Marrakech. Promenez-vous dans la m\u00e9dina historique, en passant par ses portes anciennes qui ont r\u00e9sist\u00e9 \u00e0 l\u2019\u00e9preuve du temps.<\/p>\n<p><strong>Visitez des sites embl\u00e9matiques<\/strong> : Admirez la majest\u00e9 de la mosqu\u00e9e Koutoubia, plongez dans l\u2019histoire fascinante de la Maison Tiskiwin et d\u00e9couvrez d&#8217;autres lieux embl\u00e9matiques qui refl\u00e8tent l\u2019essence de Marrakech.<\/p>\n<p><strong>Vivez l\u2019ambiance des souks<\/strong> : Terminez votre visite sur la c\u00e9l\u00e8bre place Jamaa el Fna, o\u00f9 vous pourrez vous impr\u00e9gner de l\u2019atmosph\u00e8re vibrante et explorer les boutiques et stands environnants.<\/p>\n<p>Cette <strong>visite \u00e0 pied de la m\u00e9dina de Marrakech avec un guide<\/strong> local est con\u00e7ue pour \u00eatre \u00e0 la fois informative et agr\u00e9able, combinant histoire, culture et authenticit\u00e9. Rejoignez-nous pour d\u00e9couvrir le charme unique de Marrakech \u00e0 chaque pas.<\/p>\n<div class=\"tour-content-before\">\n<p>&nbsp;<\/p>\n<\/div>\n<hr \/>\n<p>&nbsp;<\/p>\n<div class=\"tour-content-what-included\">\n<h4 id=\"whats-included\">Ce qui est inclus<\/h4>\n<ul style=\"column-count: 2;\">\n<li><i class=\"tk tk-check\" aria-hidden=\"true\"><\/i>Guide local parlant anglais, fran\u00e7ais, espagnol ou italien<\/li>\n<li><i class=\"tk tk-times\"><\/i>Droits d\u2019entr\u00e9e aux attractions<\/li>\n<li><i class=\"tk tk-times\"><\/i>Pourboires (facultatifs)<\/li>\n<li><i class=\"tk tk-times\"><\/i>Transportation<\/li>\n<li><i class=\"tk tk-times\"><\/i>D\u00e9jeuner<\/li>\n<\/ul>\n<\/div>\n<p>&nbsp;<\/p>\n<hr \/>\n<p>&nbsp;<\/p>\n<div class=\"tour-content-add-information\">\n<div class=\"tour-content-add-information\">\n<div class=\"tour-content-add-information\">\n<h4 id=\"additional-info\">Informations suppl\u00e9mentaires :<\/h4>\n<ul style=\"column-count: 2;\">\n<li>Confirmation re\u00e7ue au moment de la r\u00e9servation<\/li>\n<li>Non accessible en fauteuil roulant<\/li>\n<li>Un minimum de 2 personnes est requis par r\u00e9servation<\/li>\n<li>Non recommand\u00e9 pour les voyageurs ayant des probl\u00e8mes de dos<\/li>\n<li>Non recommand\u00e9 pour les femmes enceintes<\/li>\n<li>La plupart des voyageurs peuvent participer<\/li>\n<li>Apportez des chaussures de marche confortables, de la cr\u00e8me solaire et un chapeau<\/li>\n<\/ul>\n<\/div>\n<\/div>\n<p>&nbsp;<\/p>\n<hr \/>\n<div class=\"tour-content-cancell-policy\">\n<p>&nbsp;<\/p>\n<div class=\"tour-content-cancell-policy\">\n<h4 id=\"cancelation-policy\">Point de rencontre et prise en charge :<\/h4>\n<ul style=\"column-count: 2;\">\n<li><strong>Point de rencontre<\/strong> : Prise en charge \u00e0 votre h\u00f4tel situ\u00e9 dans la Medina de Marrakech le jour de la visite (ou au point le plus proche accessible en voiture de votre riad).<\/li>\n<li><strong>Instructions:<\/strong> Veuillez \u00eatre pr\u00eat dans le hall de votre h\u00f4tel 10 minutes avant l&#8217;heure de prise en charge pr\u00e9vue<\/li>\n<\/ul>\n<\/div>\n<p>&nbsp;<\/p>\n<\/div>\n<\/div>\n","protected":false},"excerpt":{"rendered":"<p>Partez pour une visite guid\u00e9e de la m\u00e9dina de Marrakech, une exp\u00e9rience captivante qui, en une demi-journ\u00e9e, vous offrira des souvenirs inoubliables.<br \/>\nExplorez la M\u00e9dina : D\u00e9butez votre aventure au <\/p>\n","protected":false},"featured_media":11596,"comment_status":"open","ping_status":"closed","template":"","meta":[],"product_cat":[184,182,317],"product_tag":[209,314],"_links":{"self":[{"href":"https:\/\/www.marrakechbudgettours.com\/fr\/wp-json\/wp\/v2\/product\/12864"}],"collection":[{"href":"https:\/\/www.marrakechbudgettours.com\/fr\/wp-json\/wp\/v2\/product"}],"about":[{"href":"https:\/\/www.marrakechbudgettours.com\/fr\/wp-json\/wp\/v2\/types\/product"}],"replies":[{"embeddable":true,"href":"https:\/\/www.marrakechbudgettours.com\/fr\/wp-json\/wp\/v2\/comments?post=12864"}],"wp:featuredmedia":[{"embeddable":true,"href":"https:\/\/www.marrakechbudgettours.com\/fr\/wp-json\/wp\/v2\/media\/11596"}],"wp:attachment":[{"href":"https:\/\/www.marrakechbudgettours.com\/fr\/wp-json\/wp\/v2\/media?parent=12864"}],"wp:term":[{"taxonomy":"product_cat","embeddable":true,"href":"https:\/\/www.marrakechbudgettours.com\/fr\/wp-json\/wp\/v2\/product_cat?post=12864"},{"taxonomy":"product_tag","embeddable":true,"href":"https:\/\/www.marrakechbudgettours.com\/fr\/wp-json\/wp\/v2\/product_tag?post=12864"}],"curies":[{"name":"wp","href":"https:\/\/api.w.org\/{rel}","templated":true}]}}